{"id":1333,"date":"2016-12-12T21:18:00","date_gmt":"2016-12-12T21:18:00","guid":{"rendered":"http:\/\/test.amicale-sp-nyon.ch\/?page_id=1333"},"modified":"2016-12-12T21:18:00","modified_gmt":"2016-12-12T21:18:00","slug":"contacts","status":"publish","type":"page","link":"https:\/\/www.amicale-sp-nyon.ch\/?page_id=1333","title":{"rendered":"Contacts"},"content":{"rendered":"<div class=\"sousTitre\">Nous Contacter<\/div>\n<p>Vous pouvez contacter l&rsquo;Amicale des Sapeurs-Pompiers de Nyon \u00e0 l&rsquo;adresse <a class=\"textLink\" href=\"mailto:info@amicale-sp-nyon.ch\">info@amicale-sp-nyon.ch<\/a>.<\/p>\n<p>Vous pouvez contacter le Webmaster de ce site \u00e0 l&rsquo;adresse <a class=\"textLink\" href=\"mailto:webmaster@amicale-sp-nyon.ch\">webmaster@amicale-sp-nyon.ch<\/a>.<\/p>\n<p>Vous pouvez contacter le SDIS de Nyon D\u00f4le en suivant\u00a0<a href=\"http:\/\/www.sdis-nyon-dole.ch\/index.php\/le-sdis-nyon-dole\/contacts\/68-sites-operationnels\/6-site-de-nyon\">ce lien<\/a>.<\/p>\n<div class=\"sousTitre\">Le comit\u00e9<\/div>\n<p>Louis de Bourbon Parme<br \/>\nPr\u00e9sident<\/p>\n<p>Marc Pittet<br \/>\nVice-pr\u00e9sident<\/p>\n<p>Jacques Magnin<br \/>\nSecr\u00e9taire<\/p>\n<p>Jessica Jenny<br \/>\nCaissier<\/p>\n<p>Johann Dubois<br \/>\nResp. V\u00e9hicules<\/p>\n<p>Luca Giglio<br \/>\nResp. du mus\u00e9e<\/p>\n<p>Fernand Velluz<br \/>\nMembre adjoint<\/p>\n<p>Alain Limat<br \/>\nMembre adjoint<\/p>\n","protected":false},"excerpt":{"rendered":"<p>Nous Contacter Vous pouvez contacter l&rsquo;Amicale des Sapeurs-Pompiers de Nyon \u00e0 l&rsquo;adresse info@amicale-sp-nyon.ch. Vous pouvez contacter le Webmaster de ce site \u00e0 l&rsquo;adresse webmaster@amicale-sp-nyon.ch. Vous pouvez contacter le SDIS de Nyon D\u00f4le en suivant\u00a0ce lien. Le comit\u00e9 Louis de Bourbon Parme Pr\u00e9sident Marc Pittet Vice-pr\u00e9sident Jacques Magnin Secr\u00e9taire Jessica Jenny Caissier Johann Dubois Resp. V\u00e9hicules &hellip; <a href=\"https:\/\/www.amicale-sp-nyon.ch\/?page_id=1333\" class=\"more-link\">Continuer la lecture de <span class=\"screen-reader-text\">Contacts<\/span><\/a><\/p>\n","protected":false},"author":1,"featured_media":0,"parent":0,"menu_order":0,"comment_status":"closed","ping_status":"closed","template":"","meta":{"footnotes":""},"class_list":["post-1333","page","type-page","status-publish","hentry"],"_links":{"self":[{"href":"https:\/\/www.amicale-sp-nyon.ch\/index.php?rest_route=\/wp\/v2\/pages\/1333","targetHints":{"allow":["GET"]}}],"collection":[{"href":"https:\/\/www.amicale-sp-nyon.ch\/index.php?rest_route=\/wp\/v2\/pages"}],"about":[{"href":"https:\/\/www.amicale-sp-nyon.ch\/index.php?rest_route=\/wp\/v2\/types\/page"}],"author":[{"embeddable":true,"href":"https:\/\/www.amicale-sp-nyon.ch\/index.php?rest_route=\/wp\/v2\/users\/1"}],"replies":[{"embeddable":true,"href":"https:\/\/www.amicale-sp-nyon.ch\/index.php?rest_route=%2Fwp%2Fv2%2Fcomments&post=1333"}],"version-history":[{"count":0,"href":"https:\/\/www.amicale-sp-nyon.ch\/index.php?rest_route=\/wp\/v2\/pages\/1333\/revisions"}],"wp:attachment":[{"href":"https:\/\/www.amicale-sp-nyon.ch\/index.php?rest_route=%2Fwp%2Fv2%2Fmedia&parent=1333"}],"curies":[{"name":"wp","href":"https:\/\/api.w.org\/{rel}","templated":true}]}}