{"id":1360,"date":"2017-01-19T08:54:23","date_gmt":"2017-01-19T08:54:23","guid":{"rendered":"http:\/\/test.amicale-sp-nyon.ch\/?page_id=1360"},"modified":"2017-01-19T08:54:23","modified_gmt":"2017-01-19T08:54:23","slug":"liens","status":"publish","type":"page","link":"https:\/\/www.amicale-sp-nyon.ch\/?page_id=1360","title":{"rendered":"Liens"},"content":{"rendered":"<h3>Pompiers<\/h3>\n<ul>\n<li><a class=\"textLink\" href=\"https:\/\/amicale-sp-nyon.ch\/rassemblement\" target=\"_blank\" rel=\"noopener\">Association romande et tessinoise des amicales de sapeur pompier<\/a> : site de l&rsquo;association romande et tessinoise des amicales de sapeur pompier<\/li>\n<li><a class=\"textLink\" href=\"http:\/\/www.sdis-nyon-dole.ch\" target=\"_blank\" rel=\"noopener\">SDIS de Nyon<\/a> : site officiel du Service de D\u00e9fense Incendie et Secours de Nyon.<br \/>\n<h3>Tourisme<\/h3>\n<\/li>\n<li><a class=\"textLink\" href=\"http:\/\/www.nyon-tourisme.ch\/fr\/index.php\" target=\"_blank\" rel=\"noopener\">Nyon R\u00e9gion tourisme<\/a> : site de tourisme de la r\u00e9gion de Nyon.<\/li>\n<li><a class=\"textLink\" href=\"http:\/\/www.rail-expo-nyon.ch\/\" target=\"_blank\" rel=\"noopener\">Rail-Expo-Nyon<\/a> : site de Rail-Expo-Nyon.<br \/>\n<h3>Tintin<\/h3>\n<\/li>\n<li><a class=\"textLink\" href=\"http:\/\/www.association-alpart.ch\/\" target=\"_blank\" rel=\"noopener\">Association Alpart<\/a> : Les amis suisses de Tintin.<\/li>\n<\/ul>\n","protected":false},"excerpt":{"rendered":"<p>Pompiers Association romande et tessinoise des amicales de sapeur pompier : site de l&rsquo;association romande et tessinoise des amicales de sapeur pompier SDIS de Nyon : site officiel du Service de D\u00e9fense Incendie et Secours de Nyon. Tourisme Nyon R\u00e9gion tourisme : site de tourisme de la r\u00e9gion de Nyon. Rail-Expo-Nyon : site de Rail-Expo-Nyon. &hellip; <a href=\"https:\/\/www.amicale-sp-nyon.ch\/?page_id=1360\" class=\"more-link\">Continuer la lecture de <span class=\"screen-reader-text\">Liens<\/span><\/a><\/p>\n","protected":false},"author":1,"featured_media":0,"parent":0,"menu_order":0,"comment_status":"closed","ping_status":"closed","template":"","meta":{"footnotes":""},"class_list":["post-1360","page","type-page","status-publish","hentry"],"_links":{"self":[{"href":"https:\/\/www.amicale-sp-nyon.ch\/index.php?rest_route=\/wp\/v2\/pages\/1360","targetHints":{"allow":["GET"]}}],"collection":[{"href":"https:\/\/www.amicale-sp-nyon.ch\/index.php?rest_route=\/wp\/v2\/pages"}],"about":[{"href":"https:\/\/www.amicale-sp-nyon.ch\/index.php?rest_route=\/wp\/v2\/types\/page"}],"author":[{"embeddable":true,"href":"https:\/\/www.amicale-sp-nyon.ch\/index.php?rest_route=\/wp\/v2\/users\/1"}],"replies":[{"embeddable":true,"href":"https:\/\/www.amicale-sp-nyon.ch\/index.php?rest_route=%2Fwp%2Fv2%2Fcomments&post=1360"}],"version-history":[{"count":0,"href":"https:\/\/www.amicale-sp-nyon.ch\/index.php?rest_route=\/wp\/v2\/pages\/1360\/revisions"}],"wp:attachment":[{"href":"https:\/\/www.amicale-sp-nyon.ch\/index.php?rest_route=%2Fwp%2Fv2%2Fmedia&parent=1360"}],"curies":[{"name":"wp","href":"https:\/\/api.w.org\/{rel}","templated":true}]}}