{"id":1382,"date":"2016-11-20T19:23:50","date_gmt":"2016-11-20T19:23:50","guid":{"rendered":"http:\/\/test.amicale-sp-nyon.ch\/?page_id=4"},"modified":"2016-11-20T19:23:50","modified_gmt":"2016-11-20T19:23:50","slug":"tintin","status":"publish","type":"page","link":"https:\/\/www.amicale-sp-nyon.ch\/?page_id=1382","title":{"rendered":"Tintin"},"content":{"rendered":"<p>C&rsquo;est en 1956 que Herg\u00e9 effectue l\u2019un de ses nombreux voyages en Suisse. Il loge \u00e0 l&rsquo;h\u00f4tel Cornavin \u00e0 Gen\u00e8ve avant de poursuivre sa route en direction de Nyon, puis d&rsquo;autres villes de Suisse romande.<\/p>\n<p>&nbsp;<\/p>\n<p><center><a href=\"https:\/\/www.amicale-sp-nyon.ch\/wp-content\/uploads\/2017\/01\/tintin1.jpg\"><img loading=\"lazy\" decoding=\"async\" class=\"alignnone size-full wp-image-1352\" src=\"https:\/\/www.amicale-sp-nyon.ch\/wp-content\/uploads\/2017\/01\/tintin1.jpg\" alt=\"\" width=\"176\" height=\"142\" \/><\/a><\/center>&nbsp;<\/p>\n<p>Lors de son passage, il rencontre les pompiers de Nyon auxquels il demande l&rsquo;autorisation de dessiner leurs v\u00e9hicules pour qu\u2019ils figurent dans l\u2019album de Tintin : \u00ab\u00a0L&rsquo;affaire Tournesol\u00a0\u00bb.<\/p>\n<p>Tintin et Haddock d\u00e9barquent donc \u00e0 Nyon, \u00e0 la route de St-Cergue 113 (maison qui existe encore en l&rsquo;\u00e9tat) pour rendre visite au Professeur Topolino.<\/p>\n<p>&nbsp;<\/p>\n<table width=\"100%\">\n<tbody>\n<tr>\n<td width=\"50%\"><a href=\"https:\/\/www.amicale-sp-nyon.ch\/wp-content\/uploads\/2017\/01\/tintin2.jpg\"><img loading=\"lazy\" decoding=\"async\" class=\"alignnone size-full wp-image-1353\" src=\"https:\/\/www.amicale-sp-nyon.ch\/wp-content\/uploads\/2017\/01\/tintin2.jpg\" alt=\"\" width=\"198\" height=\"137\" \/><\/a><\/td>\n<td align=\"right\" width=\"50%\"><a href=\"https:\/\/www.amicale-sp-nyon.ch\/wp-content\/uploads\/2017\/01\/tintin3.jpg\"><img loading=\"lazy\" decoding=\"async\" class=\"alignnone size-full wp-image-1354\" src=\"https:\/\/www.amicale-sp-nyon.ch\/wp-content\/uploads\/2017\/01\/tintin3.jpg\" alt=\"\" width=\"176\" height=\"137\" \/><\/a><\/td>\n<\/tr>\n<\/tbody>\n<\/table>\n<p>&nbsp;<\/p>\n<p>A cet instant, la maison explose, alarmant ainsi nos vaillants coll\u00e8gues de l&rsquo;\u00e9poque qui arrivent au volant de notre Jeep Willys de 1953 et du v\u00e9hicule \u00ab Le D\u00e9sir\u00e9e \u00bb qui n\u2019est malheureusement pas en notre possession.<\/p>\n<p>&nbsp;<\/p>\n<table width=\"100%\">\n<tbody>\n<tr>\n<td width=\"50%\"><a href=\"https:\/\/www.amicale-sp-nyon.ch\/wp-content\/uploads\/2017\/01\/tintin4.jpg\"><img loading=\"lazy\" decoding=\"async\" class=\"alignnone size-full wp-image-1355\" src=\"https:\/\/www.amicale-sp-nyon.ch\/wp-content\/uploads\/2017\/01\/tintin4.jpg\" alt=\"\" width=\"176\" height=\"180\" \/><\/a><\/td>\n<td align=\"right\" width=\"50%\"><a href=\"https:\/\/www.amicale-sp-nyon.ch\/wp-content\/uploads\/2017\/01\/tintin5.jpg\"><img loading=\"lazy\" decoding=\"async\" class=\"alignnone size-full wp-image-1356\" src=\"https:\/\/www.amicale-sp-nyon.ch\/wp-content\/uploads\/2017\/01\/tintin5.jpg\" alt=\"\" width=\"234\" height=\"180\" \/><\/a><\/td>\n<\/tr>\n<\/tbody>\n<\/table>\n<p>&nbsp;<\/p>\n<p>Heureusement les trois personnages eurent la vie sauve et m\u00eame la bouteille du Capitaine Haddock a r\u00e9sist\u00e9.<\/p>\n<p>&nbsp;<\/p>\n<p><center><a href=\"https:\/\/www.amicale-sp-nyon.ch\/wp-content\/uploads\/2017\/01\/tintin6.jpg\"><img loading=\"lazy\" decoding=\"async\" class=\"alignnone size-full wp-image-1357\" src=\"https:\/\/www.amicale-sp-nyon.ch\/wp-content\/uploads\/2017\/01\/tintin6.jpg\" alt=\"\" width=\"176\" height=\"228\" \/><\/a><\/center>&nbsp;<\/p>\n<p>Belle aventure et beau cadeau de la part de Herg\u00e9 puisque cette jeep nous est souvent demand\u00e9e pour voyager et pour \u00eatre expos\u00e9e devant des Tintinophiles avertis aux quatre coins de la Suisse et m\u00eame \u00e0 l\u2019\u00e9tranger.<\/p>\n","protected":false},"excerpt":{"rendered":"<p>C&rsquo;est en 1956 que Herg\u00e9 effectue l\u2019un de ses nombreux voyages en Suisse. Il loge \u00e0 l&rsquo;h\u00f4tel Cornavin \u00e0 Gen\u00e8ve avant de poursuivre sa route en direction de Nyon, puis d&rsquo;autres villes de Suisse romande. &nbsp; &nbsp; Lors de son passage, il rencontre les pompiers de Nyon auxquels il demande l&rsquo;autorisation de dessiner leurs v\u00e9hicules &hellip; <a href=\"https:\/\/www.amicale-sp-nyon.ch\/?page_id=1382\" class=\"more-link\">Continuer la lecture de <span class=\"screen-reader-text\">Tintin<\/span><\/a><\/p>\n","protected":false},"author":1,"featured_media":0,"parent":0,"menu_order":0,"comment_status":"closed","ping_status":"closed","template":"","meta":{"footnotes":""},"class_list":["post-1382","page","type-page","status-publish","hentry"],"_links":{"self":[{"href":"https:\/\/www.amicale-sp-nyon.ch\/index.php?rest_route=\/wp\/v2\/pages\/1382","targetHints":{"allow":["GET"]}}],"collection":[{"href":"https:\/\/www.amicale-sp-nyon.ch\/index.php?rest_route=\/wp\/v2\/pages"}],"about":[{"href":"https:\/\/www.amicale-sp-nyon.ch\/index.php?rest_route=\/wp\/v2\/types\/page"}],"author":[{"embeddable":true,"href":"https:\/\/www.amicale-sp-nyon.ch\/index.php?rest_route=\/wp\/v2\/users\/1"}],"replies":[{"embeddable":true,"href":"https:\/\/www.amicale-sp-nyon.ch\/index.php?rest_route=%2Fwp%2Fv2%2Fcomments&post=1382"}],"version-history":[{"count":0,"href":"https:\/\/www.amicale-sp-nyon.ch\/index.php?rest_route=\/wp\/v2\/pages\/1382\/revisions"}],"wp:attachment":[{"href":"https:\/\/www.amicale-sp-nyon.ch\/index.php?rest_route=%2Fwp%2Fv2%2Fmedia&parent=1382"}],"curies":[{"name":"wp","href":"https:\/\/api.w.org\/{rel}","templated":true}]}}