{"id":14,"date":"2016-11-20T20:57:43","date_gmt":"2016-11-20T20:57:43","guid":{"rendered":"http:\/\/test.amicale-sp-nyon.ch\/?page_id=14"},"modified":"2016-11-20T20:57:43","modified_gmt":"2016-11-20T20:57:43","slug":"histoire","status":"publish","type":"page","link":"https:\/\/www.amicale-sp-nyon.ch\/?page_id=14","title":{"rendered":"Histoire"},"content":{"rendered":"<h4>Fondation, d\u00e9nomination et buts<\/h4>\n<p align=\"justify\">Fond\u00e9e le 14 juin 1985, l\u2019Amicale des Chauffeurs Sapeurs-pompiers de Nyon r\u00e9unissant quelques sapeurs, s\u2019est donn\u00e9e les buts suivants :<\/p>\n<ul>\n<li>a) entretenir l\u2019esprit de camaraderie.<\/li>\n<li>b) restaurer d\u2019anciens v\u00e9hicules et mat\u00e9riels du service du feu.<\/li>\n<\/ul>\n<p align=\"justify\">En 1986, achat du premier v\u00e9hicule de l\u2019Amicale, il s\u2019agit d\u2019un fourgon mat\u00e9riel de type Berna L4U ayant appartenu au Service du feu de la ville de la Chaux-de-Fonds de 1942 \u00e0 1986.<\/p>\n<p align=\"justify\">Le 5 f\u00e9vrier 1992, achat de la Jeep Willys Overland (\u00ab Jeep Tintin \u00bb) par l\u2019Amicale des Chauffeurs apr\u00e8s 39 ans de service au sein des pompiers de Nyon.<\/p>\n<p align=\"justify\">Le 22 avril 1993, notre Amicale change de nom pour de devenir l\u2019\u00ab Amicale des sapeurs-pompiers \u00bb de Nyon.<\/p>\n<p align=\"justify\">En 2002, une \u00e9chelle Magirus en bois de 1928 ayant appartenu au Service du feu de la ville de Nyon a \u00e9t\u00e9 retrouv\u00e9e \u00e0 Gen\u00e8ve. Gr\u00e2ce \u00e0 de nombreux donateurs ainsi qu\u2019\u00e0 l\u2019aide du Fonds Fischer, cette derni\u00e8re a pu \u00eatre rachet\u00e9e et ramen\u00e9e dans sa ville d\u2019origine. Apr\u00e8s plusieurs mois de r\u00e9novation, l\u2019inauguration a eu lieu le 27 juin 2003.<\/p>\n<p align=\"justify\">Le 26 juin 2012, l&rsquo;Amicale inaugure son nouveau mus\u00e9e dans le nouveau b\u00e2timent de la caserne de Nyon. Au premier \u00e9tage, avec plus de places et une meilleure pr\u00e9sentation, notre patrimoine y est d\u00e9sormais expos\u00e9.<\/p>\n<p align=\"justify\">Pour plus de d\u00e9tails concernant notre fonctionnement :\u00a0<a href=\"https:\/\/www.amicale-sp-nyon.ch\/wp-content\/uploads\/2017\/01\/status-amicale-2014-DEFINITIF.pdf\">status amicale<\/a>.<\/p>\n","protected":false},"excerpt":{"rendered":"<p>Fondation, d\u00e9nomination et buts Fond\u00e9e le 14 juin 1985, l\u2019Amicale des Chauffeurs Sapeurs-pompiers de Nyon r\u00e9unissant quelques sapeurs, s\u2019est donn\u00e9e les buts suivants : a) entretenir l\u2019esprit de camaraderie. b) restaurer d\u2019anciens v\u00e9hicules et mat\u00e9riels du service du feu. En 1986, achat du premier v\u00e9hicule de l\u2019Amicale, il s\u2019agit d\u2019un fourgon mat\u00e9riel de type Berna &hellip; <a href=\"https:\/\/www.amicale-sp-nyon.ch\/?page_id=14\" class=\"more-link\">Continuer la lecture de <span class=\"screen-reader-text\">Histoire<\/span><\/a><\/p>\n","protected":false},"author":1,"featured_media":0,"parent":0,"menu_order":0,"comment_status":"closed","ping_status":"closed","template":"","meta":{"footnotes":""},"class_list":["post-14","page","type-page","status-publish","hentry"],"_links":{"self":[{"href":"https:\/\/www.amicale-sp-nyon.ch\/index.php?rest_route=\/wp\/v2\/pages\/14","targetHints":{"allow":["GET"]}}],"collection":[{"href":"https:\/\/www.amicale-sp-nyon.ch\/index.php?rest_route=\/wp\/v2\/pages"}],"about":[{"href":"https:\/\/www.amicale-sp-nyon.ch\/index.php?rest_route=\/wp\/v2\/types\/page"}],"author":[{"embeddable":true,"href":"https:\/\/www.amicale-sp-nyon.ch\/index.php?rest_route=\/wp\/v2\/users\/1"}],"replies":[{"embeddable":true,"href":"https:\/\/www.amicale-sp-nyon.ch\/index.php?rest_route=%2Fwp%2Fv2%2Fcomments&post=14"}],"version-history":[{"count":0,"href":"https:\/\/www.amicale-sp-nyon.ch\/index.php?rest_route=\/wp\/v2\/pages\/14\/revisions"}],"wp:attachment":[{"href":"https:\/\/www.amicale-sp-nyon.ch\/index.php?rest_route=%2Fwp%2Fv2%2Fmedia&parent=14"}],"curies":[{"name":"wp","href":"https:\/\/api.w.org\/{rel}","templated":true}]}}